{"id":849,"date":"2026-02-24T13:15:10","date_gmt":"2026-02-24T12:15:10","guid":{"rendered":"https:\/\/villaschatillon-crans.spgms2.beta.casasoft.ch\/impressum\/"},"modified":"2026-04-08T11:21:40","modified_gmt":"2026-04-08T09:21:40","slug":"impressum","status":"publish","type":"page","link":"https:\/\/villaschatillon-crans.spgms2.beta.casasoft.ch\/en\/impressum\/","title":{"rendered":"Imprint"},"content":{"rendered":"<div class=\"casawp-legal__page casawp-legal__page--imprint\"><p>\n\t<strong>SPG ONE<\/strong>\n\n\t\t<br>route de Ch\u00eane 36\n\n\n\t\t<br>1208 Gen\u00e8ve\n\n\t\t<br>Suisse\n<\/p>\n<p>\n\t\tPhone +41 58 810 30 20\n\t\t<br><a href=\"mailto:vente-ge@spg.ch\">vente-ge@spg.ch<\/a>\n\t\t<br><a href=\"https:\/\/www.spg.ch\/\">https:\/\/www.spg.ch\/<\/a>\n<\/p>\n\n\t<p><br>UID: CHE-101.659.969 MWST<\/p>\n<br>\n<p><strong>Realisation<\/strong><\/p>\n<p><strong>Casasoft AG<\/strong><br>\nThurgauerstrasse 36<br>\n8050 Z\u00fcrich<br>\n<a href=\"https:\/\/casasoft.ch\" target=\"_blank\">www.casasoft.ch<\/a><\/p>\n<\/div>","protected":false},"excerpt":{"rendered":"<p>SPG ONE route de Ch\u00eane 36 1208 Gen\u00e8ve Suisse Phone +41 58 810 30 20 vente-ge@spg.ch https:\/\/www.spg.ch\/ UID: CHE-101.659.969 MWST Realisation Casasoft AG Thurgauerstrasse 36 8050 Z\u00fcrich www.casasoft.ch<\/p>\n","protected":false},"author":1,"featured_media":0,"parent":0,"menu_order":0,"comment_status":"closed","ping_status":"closed","template":"","meta":{"_acf_changed":false,"footnotes":""},"class_list":["post-849","page","type-page","status-publish","hentry"],"acf":[],"yoast_head":"<!-- This site is optimized with the Yoast SEO plugin v27.3 - https:\/\/yoast.com\/product\/yoast-seo-wordpress\/ -->\n<title>Imprint - Les villas Ch\u00e2tillion<\/title>\n<meta name=\"robots\" content=\"noindex, follow, max-snippet:-1, max-image-preview:large, max-video-preview:-1\" \/>\n<meta property=\"og:locale\" content=\"en_US\" \/>\n<meta property=\"og:type\" content=\"article\" \/>\n<meta property=\"og:title\" content=\"Imprint - Les villas Ch\u00e2tillion\" \/>\n<meta property=\"og:description\" content=\"SPG ONE route de Ch\u00eane 36 1208 Gen\u00e8ve Suisse Phone +41 58 810 30 20 vente-ge@spg.ch https:\/\/www.spg.ch\/ UID: CHE-101.659.969 MWST Realisation Casasoft AG Thurgauerstrasse 36 8050 Z\u00fcrich www.casasoft.ch\" \/>\n<meta property=\"og:url\" content=\"https:\/\/villaschatillon-crans.spgms2.beta.casasoft.ch\/en\/impressum\/\" \/>\n<meta property=\"og:site_name\" content=\"Les villas Ch\u00e2tillion\" \/>\n<meta property=\"article:modified_time\" content=\"2026-04-08T09:21:40+00:00\" \/>\n<meta name=\"twitter:card\" content=\"summary_large_image\" \/>\n<!-- \/ Yoast SEO plugin. -->","yoast_head_json":{"title":"Imprint - Les villas Ch\u00e2tillion","robots":{"index":"noindex","follow":"follow","max-snippet":"max-snippet:-1","max-image-preview":"max-image-preview:large","max-video-preview":"max-video-preview:-1"},"og_locale":"en_US","og_type":"article","og_title":"Imprint - Les villas Ch\u00e2tillion","og_description":"SPG ONE route de Ch\u00eane 36 1208 Gen\u00e8ve Suisse Phone +41 58 810 30 20 vente-ge@spg.ch https:\/\/www.spg.ch\/ UID: CHE-101.659.969 MWST Realisation Casasoft AG Thurgauerstrasse 36 8050 Z\u00fcrich www.casasoft.ch","og_url":"https:\/\/villaschatillon-crans.spgms2.beta.casasoft.ch\/en\/impressum\/","og_site_name":"Les villas Ch\u00e2tillion","article_modified_time":"2026-04-08T09:21:40+00:00","twitter_card":"summary_large_image","schema":{"@context":"https:\/\/schema.org","@graph":[{"@type":"WebPage","@id":"https:\/\/villaschatillon-crans.spgms2.beta.casasoft.ch\/en\/impressum\/","url":"https:\/\/villaschatillon-crans.spgms2.beta.casasoft.ch\/en\/impressum\/","name":"Imprint - Les villas Ch\u00e2tillion","isPartOf":{"@id":"https:\/\/villaschatillon-crans.spgms2.beta.casasoft.ch\/#website"},"datePublished":"2026-02-24T12:15:10+00:00","dateModified":"2026-04-08T09:21:40+00:00","breadcrumb":{"@id":"https:\/\/villaschatillon-crans.spgms2.beta.casasoft.ch\/en\/impressum\/#breadcrumb"},"inLanguage":"en-US","potentialAction":[{"@type":"ReadAction","target":["https:\/\/villaschatillon-crans.spgms2.beta.casasoft.ch\/en\/impressum\/"]}]},{"@type":"BreadcrumbList","@id":"https:\/\/villaschatillon-crans.spgms2.beta.casasoft.ch\/en\/impressum\/#breadcrumb","itemListElement":[{"@type":"ListItem","position":1,"name":"Home","item":"https:\/\/villaschatillon-crans.spgms2.beta.casasoft.ch\/en\/accueil\/"},{"@type":"ListItem","position":2,"name":"Imprint"}]},{"@type":"WebSite","@id":"https:\/\/villaschatillon-crans.spgms2.beta.casasoft.ch\/#website","url":"https:\/\/villaschatillon-crans.spgms2.beta.casasoft.ch\/","name":"Les villas Ch\u00e2tillion","description":"","publisher":{"@id":"https:\/\/villaschatillon-crans.spgms2.beta.casasoft.ch\/#organization"},"potentialAction":[{"@type":"SearchAction","target":{"@type":"EntryPoint","urlTemplate":"https:\/\/villaschatillon-crans.spgms2.beta.casasoft.ch\/?s={search_term_string}"},"query-input":{"@type":"PropertyValueSpecification","valueRequired":true,"valueName":"search_term_string"}}],"inLanguage":"en-US"},{"@type":"Organization","@id":"https:\/\/villaschatillon-crans.spgms2.beta.casasoft.ch\/#organization","name":"Les villas Ch\u00e2tillion","url":"https:\/\/villaschatillon-crans.spgms2.beta.casasoft.ch\/","logo":{"@type":"ImageObject","inLanguage":"en-US","@id":"https:\/\/villaschatillon-crans.spgms2.beta.casasoft.ch\/#\/schema\/logo\/image\/","url":"https:\/\/villaschatillon-crans.spgms2.beta.casasoft.ch\/wp-content\/uploads\/sites\/10\/2026\/04\/Logo_3_sansfond.svg","contentUrl":"https:\/\/villaschatillon-crans.spgms2.beta.casasoft.ch\/wp-content\/uploads\/sites\/10\/2026\/04\/Logo_3_sansfond.svg","caption":"Les villas Ch\u00e2tillion"},"image":{"@id":"https:\/\/villaschatillon-crans.spgms2.beta.casasoft.ch\/#\/schema\/logo\/image\/"}}]}},"_links":{"self":[{"href":"https:\/\/villaschatillon-crans.spgms2.beta.casasoft.ch\/en\/wp-json\/wp\/v2\/pages\/849","targetHints":{"allow":["GET"]}}],"collection":[{"href":"https:\/\/villaschatillon-crans.spgms2.beta.casasoft.ch\/en\/wp-json\/wp\/v2\/pages"}],"about":[{"href":"https:\/\/villaschatillon-crans.spgms2.beta.casasoft.ch\/en\/wp-json\/wp\/v2\/types\/page"}],"author":[{"embeddable":true,"href":"https:\/\/villaschatillon-crans.spgms2.beta.casasoft.ch\/en\/wp-json\/wp\/v2\/users\/1"}],"replies":[{"embeddable":true,"href":"https:\/\/villaschatillon-crans.spgms2.beta.casasoft.ch\/en\/wp-json\/wp\/v2\/comments?post=849"}],"version-history":[{"count":0,"href":"https:\/\/villaschatillon-crans.spgms2.beta.casasoft.ch\/en\/wp-json\/wp\/v2\/pages\/849\/revisions"}],"wp:attachment":[{"href":"https:\/\/villaschatillon-crans.spgms2.beta.casasoft.ch\/en\/wp-json\/wp\/v2\/media?parent=849"}],"curies":[{"name":"wp","href":"https:\/\/api.w.org\/{rel}","templated":true}]}}